{"id":27065,"date":"2020-09-02T00:29:17","date_gmt":"2020-09-02T03:29:17","guid":{"rendered":"https:\/\/www.mobiletime.com.br\/pesquisas\/?page_id=27065"},"modified":"2021-04-18T19:44:37","modified_gmt":"2021-04-18T22:44:37","slug":"mensageria-no-brasil-agosto-de-2020","status":"publish","type":"page","link":"https:\/\/www.mobiletime.com.br\/pesquisas\/mensageria-no-brasil-agosto-de-2020\/","title":{"rendered":"Mensageria no Brasil \u2013 Agosto de 2020"},"content":{"rendered":"<p>[et_pb_section fb_built=&#8221;1&#8243; _builder_version=&#8221;3.22&#8243; background_color=&#8221;#718d98&#8243;][et_pb_row column_structure=&#8221;1_2,1_2&#8243; _builder_version=&#8221;3.25&#8243; background_size=&#8221;initial&#8221; background_position=&#8221;top_left&#8221; background_repeat=&#8221;repeat&#8221; make_fullwidth=&#8221;off&#8221; use_custom_width=&#8221;off&#8221; width_unit=&#8221;off&#8221; custom_width_px=&#8221;1080px&#8221; custom_width_percent=&#8221;80%&#8221;][et_pb_column type=&#8221;1_2&#8243; _builder_version=&#8221;3.0.47&#8243; custom_padding=&#8221;|||&#8221; custom_padding__hover=&#8221;|||&#8221;][et_pb_image src=&#8221;https:\/\/www.mobiletime.com.br\/pesquisas\/wp-content\/uploads\/2020\/09\/mensageria_agosto_20.jpg&#8221; align=&#8221;center&#8221; align_tablet=&#8221;center&#8221; align_phone=&#8221;&#8221; align_last_edited=&#8221;on|desktop&#8221; _builder_version=&#8221;4.5.6&#8243; vertical_offset_tablet=&#8221;0&#8243; horizontal_offset_tablet=&#8221;0&#8243; z_index_tablet=&#8221;0&#8243; box_shadow_horizontal_tablet=&#8221;0px&#8221; box_shadow_vertical_tablet=&#8221;0px&#8221; box_shadow_blur_tablet=&#8221;40px&#8221; box_shadow_spread_tablet=&#8221;0px&#8221; use_border_color=&#8221;off&#8221;][\/et_pb_image][\/et_pb_column][et_pb_column type=&#8221;1_2&#8243; _builder_version=&#8221;3.0.47&#8243; custom_padding=&#8221;|||&#8221; custom_padding__hover=&#8221;|||&#8221;][et_pb_text admin_label=&#8221;Titulo&#8221; _builder_version=&#8221;4.5.6&#8243; background_size=&#8221;initial&#8221; background_position=&#8221;top_left&#8221; background_repeat=&#8221;repeat&#8221; vertical_offset_tablet=&#8221;0&#8243; horizontal_offset_tablet=&#8221;0&#8243; background_layout=&#8221;dark&#8221; z_index_tablet=&#8221;0&#8243; text_text_shadow_horizontal_length_tablet=&#8221;0px&#8221; text_text_shadow_vertical_length_tablet=&#8221;0px&#8221; text_text_shadow_blur_strength_tablet=&#8221;1px&#8221; link_text_shadow_horizontal_length_tablet=&#8221;0px&#8221; link_text_shadow_vertical_length_tablet=&#8221;0px&#8221; link_text_shadow_blur_strength_tablet=&#8221;1px&#8221; ul_text_shadow_horizontal_length_tablet=&#8221;0px&#8221; ul_text_shadow_vertical_length_tablet=&#8221;0px&#8221; ul_text_shadow_blur_strength_tablet=&#8221;1px&#8221; ol_text_shadow_horizontal_length_tablet=&#8221;0px&#8221; ol_text_shadow_vertical_length_tablet=&#8221;0px&#8221; ol_text_shadow_blur_strength_tablet=&#8221;1px&#8221; quote_text_shadow_horizontal_length_tablet=&#8221;0px&#8221; quote_text_shadow_vertical_length_tablet=&#8221;0px&#8221; quote_text_shadow_blur_strength_tablet=&#8221;1px&#8221; header_text_shadow_horizontal_length_tablet=&#8221;0px&#8221; header_text_shadow_vertical_length_tablet=&#8221;0px&#8221; header_text_shadow_blur_strength_tablet=&#8221;1px&#8221; header_2_text_shadow_horizontal_length_tablet=&#8221;0px&#8221; header_2_text_shadow_vertical_length_tablet=&#8221;0px&#8221; header_2_text_shadow_blur_strength_tablet=&#8221;1px&#8221; header_3_text_shadow_horizontal_length_tablet=&#8221;0px&#8221; header_3_text_shadow_vertical_length_tablet=&#8221;0px&#8221; header_3_text_shadow_blur_strength_tablet=&#8221;1px&#8221; header_4_text_shadow_horizontal_length_tablet=&#8221;0px&#8221; header_4_text_shadow_vertical_length_tablet=&#8221;0px&#8221; header_4_text_shadow_blur_strength_tablet=&#8221;1px&#8221; header_5_text_shadow_horizontal_length_tablet=&#8221;0px&#8221; header_5_text_shadow_vertical_length_tablet=&#8221;0px&#8221; header_5_text_shadow_blur_strength_tablet=&#8221;1px&#8221; header_6_text_shadow_horizontal_length_tablet=&#8221;0px&#8221; header_6_text_shadow_vertical_length_tablet=&#8221;0px&#8221; header_6_text_shadow_blur_strength_tablet=&#8221;1px&#8221; box_shadow_horizontal_tablet=&#8221;0px&#8221; box_shadow_vertical_tablet=&#8221;0px&#8221; box_shadow_blur_tablet=&#8221;40px&#8221; box_shadow_spread_tablet=&#8221;0px&#8221; use_border_color=&#8221;off&#8221;]<\/p>\n<h2>Mensageria no Brasil &#8211; Agosto de 2020<\/h2>\n<p>[\/et_pb_text][et_pb_text _builder_version=&#8221;4.5.6&#8243; background_size=&#8221;initial&#8221; background_position=&#8221;top_left&#8221; background_repeat=&#8221;repeat&#8221; vertical_offset_tablet=&#8221;0&#8243; horizontal_offset_tablet=&#8221;0&#8243; background_layout=&#8221;dark&#8221; z_index_tablet=&#8221;0&#8243; text_text_shadow_horizontal_length_tablet=&#8221;0px&#8221; text_text_shadow_vertical_length_tablet=&#8221;0px&#8221; text_text_shadow_blur_strength_tablet=&#8221;1px&#8221; link_text_shadow_horizontal_length_tablet=&#8221;0px&#8221; link_text_shadow_vertical_length_tablet=&#8221;0px&#8221; link_text_shadow_blur_strength_tablet=&#8221;1px&#8221; ul_text_shadow_horizontal_length_tablet=&#8221;0px&#8221; ul_text_shadow_vertical_length_tablet=&#8221;0px&#8221; ul_text_shadow_blur_strength_tablet=&#8221;1px&#8221; ol_text_shadow_horizontal_length_tablet=&#8221;0px&#8221; ol_text_shadow_vertical_length_tablet=&#8221;0px&#8221; ol_text_shadow_blur_strength_tablet=&#8221;1px&#8221; quote_text_shadow_horizontal_length_tablet=&#8221;0px&#8221; quote_text_shadow_vertical_length_tablet=&#8221;0px&#8221; quote_text_shadow_blur_strength_tablet=&#8221;1px&#8221; header_text_shadow_horizontal_length_tablet=&#8221;0px&#8221; header_text_shadow_vertical_length_tablet=&#8221;0px&#8221; header_text_shadow_blur_strength_tablet=&#8221;1px&#8221; header_2_text_shadow_horizontal_length_tablet=&#8221;0px&#8221; header_2_text_shadow_vertical_length_tablet=&#8221;0px&#8221; header_2_text_shadow_blur_strength_tablet=&#8221;1px&#8221; header_3_text_shadow_horizontal_length_tablet=&#8221;0px&#8221; header_3_text_shadow_vertical_length_tablet=&#8221;0px&#8221; header_3_text_shadow_blur_strength_tablet=&#8221;1px&#8221; header_4_text_shadow_horizontal_length_tablet=&#8221;0px&#8221; header_4_text_shadow_vertical_length_tablet=&#8221;0px&#8221; header_4_text_shadow_blur_strength_tablet=&#8221;1px&#8221; header_5_text_shadow_horizontal_length_tablet=&#8221;0px&#8221; header_5_text_shadow_vertical_length_tablet=&#8221;0px&#8221; header_5_text_shadow_blur_strength_tablet=&#8221;1px&#8221; header_6_text_shadow_horizontal_length_tablet=&#8221;0px&#8221; header_6_text_shadow_vertical_length_tablet=&#8221;0px&#8221; header_6_text_shadow_blur_strength_tablet=&#8221;1px&#8221; box_shadow_horizontal_tablet=&#8221;0px&#8221; box_shadow_vertical_tablet=&#8221;0px&#8221; box_shadow_blur_tablet=&#8221;40px&#8221; box_shadow_spread_tablet=&#8221;0px&#8221; use_border_color=&#8221;off&#8221;]<\/p>\n<p class=\"p1\"><span class=\"s1\">Neste relat\u00f3rio voc\u00ea encontrar\u00e1:<\/span><\/p>\n<ul>\n<li>Propor\u00e7\u00e3o de smartphones no Brasil com WhatsApp, Messenger, Telegram e Instagram instalados<\/li>\n<li>Comparativo de frequ\u00eancia de uso entre WhatsApp, Messenger, Telegram, Instagram e SMS<\/li>\n<li>Propor\u00e7\u00e3o de uso por tipo de conte\u00fado trafegado em cada app<\/li>\n<li>Propor\u00e7\u00e3o de usu\u00e1rios que se comunicam com empresas por cada app<\/li>\n<li>Grau de fidelidade de cada mensageiro<\/li>\n<li>Risco de desinstala\u00e7\u00e3o de cada mensageiro<\/li>\n<li><strong>NOVO:<\/strong> Interesse de uso do WhatsApp Pay<\/li>\n<li><strong>NOVO:<\/strong> Percep\u00e7\u00e3o do brasileiro quanto \u00e0 dissemina\u00e7\u00e3o de fake news<\/li>\n<\/ul>\n<p><strong>Base: 2.046 brasileiros que acessam a Internet e possuem celular<\/strong><\/p>\n<p>&nbsp;<\/p>\n<p>[\/et_pb_text][\/et_pb_column][\/et_pb_row][et_pb_row _builder_version=&#8221;3.25&#8243; background_size=&#8221;initial&#8221; background_position=&#8221;top_left&#8221; background_repeat=&#8221;repeat&#8221; make_fullwidth=&#8221;off&#8221; use_custom_width=&#8221;off&#8221; width_unit=&#8221;off&#8221; custom_width_px=&#8221;1080px&#8221; custom_width_percent=&#8221;80%&#8221;][et_pb_column type=&#8221;4_4&#8243; _builder_version=&#8221;3.0.47&#8243; custom_padding=&#8221;|||&#8221; custom_padding__hover=&#8221;|||&#8221;][et_pb_text admin_label=&#8221;Formul\u00e1rio &#8211; Mensageria no Brasil \u2013 Agosto de 2020&#8243; _builder_version=&#8221;4.9.4&#8243; background_size=&#8221;initial&#8221; background_position=&#8221;top_left&#8221; background_repeat=&#8221;repeat&#8221; vertical_offset_tablet=&#8221;0&#8243; horizontal_offset_tablet=&#8221;0&#8243; background_layout=&#8221;dark&#8221; hover_enabled=&#8221;0&#8243; z_index_tablet=&#8221;0&#8243; text_text_shadow_horizontal_length_tablet=&#8221;0px&#8221; text_text_shadow_vertical_length_tablet=&#8221;0px&#8221; text_text_shadow_blur_strength_tablet=&#8221;1px&#8221; link_text_shadow_horizontal_length_tablet=&#8221;0px&#8221; link_text_shadow_vertical_length_tablet=&#8221;0px&#8221; link_text_shadow_blur_strength_tablet=&#8221;1px&#8221; ul_text_shadow_horizontal_length_tablet=&#8221;0px&#8221; ul_text_shadow_vertical_length_tablet=&#8221;0px&#8221; ul_text_shadow_blur_strength_tablet=&#8221;1px&#8221; ol_text_shadow_horizontal_length_tablet=&#8221;0px&#8221; ol_text_shadow_vertical_length_tablet=&#8221;0px&#8221; ol_text_shadow_blur_strength_tablet=&#8221;1px&#8221; quote_text_shadow_horizontal_length_tablet=&#8221;0px&#8221; quote_text_shadow_vertical_length_tablet=&#8221;0px&#8221; quote_text_shadow_blur_strength_tablet=&#8221;1px&#8221; header_text_shadow_horizontal_length_tablet=&#8221;0px&#8221; header_text_shadow_vertical_length_tablet=&#8221;0px&#8221; header_text_shadow_blur_strength_tablet=&#8221;1px&#8221; header_2_text_shadow_horizontal_length_tablet=&#8221;0px&#8221; header_2_text_shadow_vertical_length_tablet=&#8221;0px&#8221; header_2_text_shadow_blur_strength_tablet=&#8221;1px&#8221; header_3_text_shadow_horizontal_length_tablet=&#8221;0px&#8221; header_3_text_shadow_vertical_length_tablet=&#8221;0px&#8221; header_3_text_shadow_blur_strength_tablet=&#8221;1px&#8221; header_4_text_shadow_horizontal_length_tablet=&#8221;0px&#8221; header_4_text_shadow_vertical_length_tablet=&#8221;0px&#8221; header_4_text_shadow_blur_strength_tablet=&#8221;1px&#8221; header_5_text_shadow_horizontal_length_tablet=&#8221;0px&#8221; header_5_text_shadow_vertical_length_tablet=&#8221;0px&#8221; header_5_text_shadow_blur_strength_tablet=&#8221;1px&#8221; header_6_text_shadow_horizontal_length_tablet=&#8221;0px&#8221; header_6_text_shadow_vertical_length_tablet=&#8221;0px&#8221; header_6_text_shadow_blur_strength_tablet=&#8221;1px&#8221; box_shadow_horizontal_tablet=&#8221;0px&#8221; box_shadow_vertical_tablet=&#8221;0px&#8221; box_shadow_blur_tablet=&#8221;40px&#8221; box_shadow_spread_tablet=&#8221;0px&#8221; use_border_color=&#8221;off&#8221; sticky_enabled=&#8221;0&#8243;]<\/p>\n\n<div class=\"wpcf7 no-js\" id=\"wpcf7-f27072-o1\" lang=\"pt-BR\" dir=\"ltr\" data-wpcf7-id=\"27072\">\n<div class=\"screen-reader-response\"><p role=\"status\" aria-live=\"polite\" aria-atomic=\"true\"><\/p> <ul><\/ul><\/div>\n<form action=\"\/pesquisas\/wp-json\/wp\/v2\/pages\/27065#wpcf7-f27072-o1\" method=\"post\" class=\"wpcf7-form init\" aria-label=\"Formul\u00e1rios de contato\" novalidate=\"novalidate\" data-status=\"init\">\n<fieldset class=\"hidden-fields-container\"><input type=\"hidden\" name=\"_wpcf7\" value=\"27072\" \/><input type=\"hidden\" name=\"_wpcf7_version\" value=\"6.1.5\" \/><input type=\"hidden\" name=\"_wpcf7_locale\" value=\"pt_BR\" \/><input type=\"hidden\" name=\"_wpcf7_unit_tag\" value=\"wpcf7-f27072-o1\" \/><input type=\"hidden\" name=\"_wpcf7_container_post\" value=\"0\" \/><input type=\"hidden\" name=\"_wpcf7_posted_data_hash\" value=\"\" \/><input type=\"hidden\" name=\"_wpcf7_recaptcha_response\" value=\"\" \/>\n<\/fieldset>\n<p><label>Nome completo <span class=\"wpcf7-form-control-wrap\" data-name=\"your-name\"><input size=\"40\" maxlength=\"400\" class=\"wpcf7-form-control wpcf7-text wpcf7-validates-as-required\" aria-required=\"true\" aria-invalid=\"false\" placeholder=\"Nome completo (obrigat\u00f3rio)\" value=\"\" type=\"text\" name=\"your-name\" \/><\/span><\/label>\n<\/p>\n<p><label>E-mail <span class=\"wpcf7-form-control-wrap\" data-name=\"your-email\"><input size=\"40\" maxlength=\"400\" class=\"wpcf7-form-control wpcf7-email wpcf7-validates-as-required wpcf7-text wpcf7-validates-as-email\" aria-required=\"true\" aria-invalid=\"false\" placeholder=\"E-mail (obrigat\u00f3rio)\" value=\"\" type=\"email\" name=\"your-email\" \/><\/span><\/label>\n<\/p>\n<p><label>Empresa\/Institui\u00e7\u00e3o (obrigat\u00f3rio) <span class=\"wpcf7-form-control-wrap\" data-name=\"your-company\"><input size=\"40\" maxlength=\"400\" class=\"wpcf7-form-control wpcf7-text wpcf7-validates-as-required\" aria-required=\"true\" aria-invalid=\"false\" placeholder=\"Empresa\/Institui\u00e7\u00e3o (obrigat\u00f3rio)\" value=\"\" type=\"text\" name=\"your-company\" \/><\/span><\/label>\n<\/p>\n<p><label>Cargo <span class=\"wpcf7-form-control-wrap\" data-name=\"your-role\"><input size=\"40\" maxlength=\"400\" class=\"wpcf7-form-control wpcf7-text wpcf7-validates-as-required\" aria-required=\"true\" aria-invalid=\"false\" placeholder=\"Cargo (obrigat\u00f3rio)\" value=\"\" type=\"text\" name=\"your-role\" \/><\/span><\/label>\n<\/p>\n<p><span class=\"wpcf7-form-control-wrap\" data-name=\"newsletter-consentimento\"><span class=\"wpcf7-form-control wpcf7-acceptance optional\"><span class=\"wpcf7-list-item\"><input type=\"checkbox\" name=\"newsletter-consentimento\" value=\"1\" class=\"acceptance-mt\" aria-invalid=\"false\" \/><\/span><\/span><\/span> Aceito ser inclu\u00eddo nos mailings do Mobile Time e da Opinion Box para receber a pesquisa Panorama Mobile Time\/Opinion Box e tamb\u00e9m o newsletter di\u00e1rio e gratuito com not\u00edcias sobre o mercado de tecnologia m\u00f3vel.\n<\/p>\n<p><span class=\"wpcf7-form-control-wrap\" data-name=\"newsletter-patrocinador\"><span class=\"wpcf7-form-control wpcf7-acceptance optional\"><span class=\"wpcf7-list-item\"><input type=\"checkbox\" name=\"newsletter-patrocinador\" value=\"1\" aria-invalid=\"false\" \/><\/span><\/span><\/span> Aceito receber comunica\u00e7\u00f5es por meios digitais da Infobip\n<\/p>\n<input class=\"wpcf7-form-control wpcf7-hidden\" value=\"Mensageria no Brasil - Agosto de 2020\" type=\"hidden\" name=\"pesquisa\" \/>\n<p><input class=\"wpcf7-form-control wpcf7-submit has-spinner\" type=\"submit\" value=\"Enviar\" \/>\n<\/p><div class=\"wpcf7-response-output\" aria-hidden=\"true\"><\/div>\n<\/form>\n<\/div>\n\n<p>[\/et_pb_text][\/et_pb_column][\/et_pb_row][\/et_pb_section]<\/p>\n","protected":false},"excerpt":{"rendered":"<p>Mensageria no Brasil &#8211; Agosto de 2020 Neste relat\u00f3rio voc\u00ea encontrar\u00e1: Propor\u00e7\u00e3o de smartphones no Brasil com WhatsApp, Messenger, Telegram e Instagram instalados Comparativo de frequ\u00eancia de uso entre WhatsApp, Messenger, Telegram, Instagram e SMS Propor\u00e7\u00e3o de uso por tipo de conte\u00fado trafegado em cada app Propor\u00e7\u00e3o de usu\u00e1rios que se comunicam com empresas por [&hellip;]<\/p>\n","protected":false},"author":4,"featured_media":0,"parent":0,"menu_order":0,"comment_status":"closed","ping_status":"closed","template":"page-template-blank.php","meta":{"_et_pb_use_builder":"on","_et_pb_old_content":"","_et_gb_content_width":"","footnotes":""},"class_list":["post-27065","page","type-page","status-publish","hentry"],"yoast_head":"<!-- This site is optimized with the Yoast SEO plugin v27.4 - https:\/\/yoast.com\/product\/yoast-seo-wordpress\/ -->\n<title>Mensageria no Brasil \u2013 Agosto de 2020 - Panorama Mobile Time\/Opinion Box<\/title>\n<meta name=\"robots\" content=\"index, follow, max-snippet:-1, max-image-preview:large, max-video-preview:-1\" \/>\n<link rel=\"canonical\" href=\"https:\/\/www.mobiletime.com.br\/pesquisas\/mensageria-no-brasil-agosto-de-2020\/\" \/>\n<meta property=\"og:locale\" content=\"pt_BR\" \/>\n<meta property=\"og:type\" content=\"article\" \/>\n<meta property=\"og:title\" content=\"Mensageria no Brasil \u2013 Agosto de 2020 - Panorama Mobile Time\/Opinion Box\" \/>\n<meta property=\"og:description\" content=\"Mensageria no Brasil - Agosto de 2020 Neste relat\u00f3rio voc\u00ea encontrar\u00e1: Propor\u00e7\u00e3o de smartphones no Brasil com WhatsApp, Messenger, Telegram e Instagram instalados Comparativo de frequ\u00eancia de uso entre WhatsApp, Messenger, Telegram, Instagram e SMS Propor\u00e7\u00e3o de uso por tipo de conte\u00fado trafegado em cada app Propor\u00e7\u00e3o de usu\u00e1rios que se comunicam com empresas por [&hellip;]\" \/>\n<meta property=\"og:url\" content=\"https:\/\/www.mobiletime.com.br\/pesquisas\/mensageria-no-brasil-agosto-de-2020\/\" \/>\n<meta property=\"og:site_name\" content=\"Panorama Mobile Time\/Opinion Box\" \/>\n<meta property=\"article:modified_time\" content=\"2021-04-18T22:44:37+00:00\" \/>\n<meta name=\"twitter:card\" content=\"summary_large_image\" \/>\n<meta name=\"twitter:label1\" content=\"Est. tempo de leitura\" \/>\n\t<meta name=\"twitter:data1\" content=\"6 minutos\" \/>\n<script type=\"application\/ld+json\" class=\"yoast-schema-graph\">{\"@context\":\"https:\\\/\\\/schema.org\",\"@graph\":[{\"@type\":\"WebPage\",\"@id\":\"https:\\\/\\\/www.mobiletime.com.br\\\/pesquisas\\\/mensageria-no-brasil-agosto-de-2020\\\/\",\"url\":\"https:\\\/\\\/www.mobiletime.com.br\\\/pesquisas\\\/mensageria-no-brasil-agosto-de-2020\\\/\",\"name\":\"Mensageria no Brasil \u2013 Agosto de 2020 - Panorama Mobile Time\\\/Opinion Box\",\"isPartOf\":{\"@id\":\"https:\\\/\\\/www.mobiletime.com.br\\\/pesquisas\\\/#website\"},\"datePublished\":\"2020-09-02T03:29:17+00:00\",\"dateModified\":\"2021-04-18T22:44:37+00:00\",\"breadcrumb\":{\"@id\":\"https:\\\/\\\/www.mobiletime.com.br\\\/pesquisas\\\/mensageria-no-brasil-agosto-de-2020\\\/#breadcrumb\"},\"inLanguage\":\"pt-BR\",\"potentialAction\":[{\"@type\":\"ReadAction\",\"target\":[\"https:\\\/\\\/www.mobiletime.com.br\\\/pesquisas\\\/mensageria-no-brasil-agosto-de-2020\\\/\"]}]},{\"@type\":\"BreadcrumbList\",\"@id\":\"https:\\\/\\\/www.mobiletime.com.br\\\/pesquisas\\\/mensageria-no-brasil-agosto-de-2020\\\/#breadcrumb\",\"itemListElement\":[{\"@type\":\"ListItem\",\"position\":1,\"name\":\"In\u00edcio\",\"item\":\"https:\\\/\\\/www.mobiletime.com.br\\\/pesquisas\\\/\"},{\"@type\":\"ListItem\",\"position\":2,\"name\":\"Mensageria no Brasil \u2013 Agosto de 2020\"}]},{\"@type\":\"WebSite\",\"@id\":\"https:\\\/\\\/www.mobiletime.com.br\\\/pesquisas\\\/#website\",\"url\":\"https:\\\/\\\/www.mobiletime.com.br\\\/pesquisas\\\/\",\"name\":\"Panorama Mobile Time\\\/Opinion Box\",\"description\":\"Pesquisas independentes sobre conte\u00fado e servi\u00e7os m\u00f3veis\",\"potentialAction\":[{\"@type\":\"SearchAction\",\"target\":{\"@type\":\"EntryPoint\",\"urlTemplate\":\"https:\\\/\\\/www.mobiletime.com.br\\\/pesquisas\\\/?s={search_term_string}\"},\"query-input\":{\"@type\":\"PropertyValueSpecification\",\"valueRequired\":true,\"valueName\":\"search_term_string\"}}],\"inLanguage\":\"pt-BR\"}]}<\/script>\n<!-- \/ Yoast SEO plugin. -->","yoast_head_json":{"title":"Mensageria no Brasil \u2013 Agosto de 2020 - Panorama Mobile Time\/Opinion Box","robots":{"index":"index","follow":"follow","max-snippet":"max-snippet:-1","max-image-preview":"max-image-preview:large","max-video-preview":"max-video-preview:-1"},"canonical":"https:\/\/www.mobiletime.com.br\/pesquisas\/mensageria-no-brasil-agosto-de-2020\/","og_locale":"pt_BR","og_type":"article","og_title":"Mensageria no Brasil \u2013 Agosto de 2020 - Panorama Mobile Time\/Opinion Box","og_description":"Mensageria no Brasil - Agosto de 2020 Neste relat\u00f3rio voc\u00ea encontrar\u00e1: Propor\u00e7\u00e3o de smartphones no Brasil com WhatsApp, Messenger, Telegram e Instagram instalados Comparativo de frequ\u00eancia de uso entre WhatsApp, Messenger, Telegram, Instagram e SMS Propor\u00e7\u00e3o de uso por tipo de conte\u00fado trafegado em cada app Propor\u00e7\u00e3o de usu\u00e1rios que se comunicam com empresas por [&hellip;]","og_url":"https:\/\/www.mobiletime.com.br\/pesquisas\/mensageria-no-brasil-agosto-de-2020\/","og_site_name":"Panorama Mobile Time\/Opinion Box","article_modified_time":"2021-04-18T22:44:37+00:00","twitter_card":"summary_large_image","twitter_misc":{"Est. tempo de leitura":"6 minutos"},"schema":{"@context":"https:\/\/schema.org","@graph":[{"@type":"WebPage","@id":"https:\/\/www.mobiletime.com.br\/pesquisas\/mensageria-no-brasil-agosto-de-2020\/","url":"https:\/\/www.mobiletime.com.br\/pesquisas\/mensageria-no-brasil-agosto-de-2020\/","name":"Mensageria no Brasil \u2013 Agosto de 2020 - Panorama Mobile Time\/Opinion Box","isPartOf":{"@id":"https:\/\/www.mobiletime.com.br\/pesquisas\/#website"},"datePublished":"2020-09-02T03:29:17+00:00","dateModified":"2021-04-18T22:44:37+00:00","breadcrumb":{"@id":"https:\/\/www.mobiletime.com.br\/pesquisas\/mensageria-no-brasil-agosto-de-2020\/#breadcrumb"},"inLanguage":"pt-BR","potentialAction":[{"@type":"ReadAction","target":["https:\/\/www.mobiletime.com.br\/pesquisas\/mensageria-no-brasil-agosto-de-2020\/"]}]},{"@type":"BreadcrumbList","@id":"https:\/\/www.mobiletime.com.br\/pesquisas\/mensageria-no-brasil-agosto-de-2020\/#breadcrumb","itemListElement":[{"@type":"ListItem","position":1,"name":"In\u00edcio","item":"https:\/\/www.mobiletime.com.br\/pesquisas\/"},{"@type":"ListItem","position":2,"name":"Mensageria no Brasil \u2013 Agosto de 2020"}]},{"@type":"WebSite","@id":"https:\/\/www.mobiletime.com.br\/pesquisas\/#website","url":"https:\/\/www.mobiletime.com.br\/pesquisas\/","name":"Panorama Mobile Time\/Opinion Box","description":"Pesquisas independentes sobre conte\u00fado e servi\u00e7os m\u00f3veis","potentialAction":[{"@type":"SearchAction","target":{"@type":"EntryPoint","urlTemplate":"https:\/\/www.mobiletime.com.br\/pesquisas\/?s={search_term_string}"},"query-input":{"@type":"PropertyValueSpecification","valueRequired":true,"valueName":"search_term_string"}}],"inLanguage":"pt-BR"}]}},"_links":{"self":[{"href":"https:\/\/www.mobiletime.com.br\/pesquisas\/wp-json\/wp\/v2\/pages\/27065","targetHints":{"allow":["GET"]}}],"collection":[{"href":"https:\/\/www.mobiletime.com.br\/pesquisas\/wp-json\/wp\/v2\/pages"}],"about":[{"href":"https:\/\/www.mobiletime.com.br\/pesquisas\/wp-json\/wp\/v2\/types\/page"}],"author":[{"embeddable":true,"href":"https:\/\/www.mobiletime.com.br\/pesquisas\/wp-json\/wp\/v2\/users\/4"}],"replies":[{"embeddable":true,"href":"https:\/\/www.mobiletime.com.br\/pesquisas\/wp-json\/wp\/v2\/comments?post=27065"}],"version-history":[{"count":11,"href":"https:\/\/www.mobiletime.com.br\/pesquisas\/wp-json\/wp\/v2\/pages\/27065\/revisions"}],"predecessor-version":[{"id":33989,"href":"https:\/\/www.mobiletime.com.br\/pesquisas\/wp-json\/wp\/v2\/pages\/27065\/revisions\/33989"}],"wp:attachment":[{"href":"https:\/\/www.mobiletime.com.br\/pesquisas\/wp-json\/wp\/v2\/media?parent=27065"}],"curies":[{"name":"wp","href":"https:\/\/api.w.org\/{rel}","templated":true}]}}