{"id":30718,"date":"2020-11-26T14:28:09","date_gmt":"2020-11-26T17:28:09","guid":{"rendered":"https:\/\/www.mobiletime.com.br\/pesquisas\/?page_id=30718"},"modified":"2021-04-18T16:30:29","modified_gmt":"2021-04-18T19:30:29","slug":"senhas-e-biometria-no-brasil-novembro-2020","status":"publish","type":"page","link":"https:\/\/www.mobiletime.com.br\/pesquisas\/senhas-e-biometria-no-brasil-novembro-2020\/","title":{"rendered":"Senhas e biometria no Brasil \u2013 Novembro de 2020"},"content":{"rendered":"<p>[et_pb_section fb_built=&#8221;1&#8243; admin_label=&#8221;Se\u00e7\u00e3o&#8221; _builder_version=&#8221;4.6.6&#8243; background_color=&#8221;rgba(69,194,232,0.7)&#8221; vertical_offset_tablet=&#8221;0&#8243; horizontal_offset_tablet=&#8221;0&#8243; box_shadow_horizontal_tablet=&#8221;0px&#8221; box_shadow_vertical_tablet=&#8221;0px&#8221; box_shadow_blur_tablet=&#8221;40px&#8221; box_shadow_spread_tablet=&#8221;0px&#8221;][et_pb_row column_structure=&#8221;1_2,1_2&#8243; admin_label=&#8221;Linha&#8221; _builder_version=&#8221;3.25&#8243; background_size=&#8221;initial&#8221; background_position=&#8221;top_left&#8221; background_repeat=&#8221;repeat&#8221; make_fullwidth=&#8221;off&#8221; use_custom_width=&#8221;off&#8221; width_unit=&#8221;off&#8221; custom_width_px=&#8221;1080px&#8221; custom_width_percent=&#8221;80%&#8221;][et_pb_column type=&#8221;1_2&#8243; _builder_version=&#8221;3.0.47&#8243; custom_padding=&#8221;|||&#8221; custom_padding__hover=&#8221;|||&#8221;][et_pb_image src=&#8221;https:\/\/www.mobiletime.com.br\/pesquisas\/wp-content\/uploads\/2020\/11\/senhas_biometria-scaled.jpg&#8221; align=&#8221;center&#8221; align_tablet=&#8221;center&#8221; align_phone=&#8221;&#8221; align_last_edited=&#8221;on|desktop&#8221; admin_label=&#8221;Imagem&#8221; _builder_version=&#8221;4.6.6&#8243; vertical_offset_tablet=&#8221;0&#8243; horizontal_offset_tablet=&#8221;0&#8243; z_index_tablet=&#8221;0&#8243; box_shadow_horizontal_tablet=&#8221;0px&#8221; box_shadow_vertical_tablet=&#8221;0px&#8221; box_shadow_blur_tablet=&#8221;40px&#8221; box_shadow_spread_tablet=&#8221;0px&#8221; use_border_color=&#8221;off&#8221;][\/et_pb_image][\/et_pb_column][et_pb_column type=&#8221;1_2&#8243; _builder_version=&#8221;3.0.47&#8243; custom_padding=&#8221;|||&#8221; custom_padding__hover=&#8221;|||&#8221;][et_pb_text admin_label=&#8221;Texto&#8221; _builder_version=&#8221;4.6.6&#8243; background_size=&#8221;initial&#8221; background_position=&#8221;top_left&#8221; background_repeat=&#8221;repeat&#8221; vertical_offset_tablet=&#8221;0&#8243; horizontal_offset_tablet=&#8221;0&#8243; z_index_tablet=&#8221;0&#8243; text_text_shadow_horizontal_length_tablet=&#8221;0px&#8221; text_text_shadow_vertical_length_tablet=&#8221;0px&#8221; text_text_shadow_blur_strength_tablet=&#8221;1px&#8221; link_text_shadow_horizontal_length_tablet=&#8221;0px&#8221; link_text_shadow_vertical_length_tablet=&#8221;0px&#8221; link_text_shadow_blur_strength_tablet=&#8221;1px&#8221; ul_text_shadow_horizontal_length_tablet=&#8221;0px&#8221; ul_text_shadow_vertical_length_tablet=&#8221;0px&#8221; ul_text_shadow_blur_strength_tablet=&#8221;1px&#8221; ol_text_shadow_horizontal_length_tablet=&#8221;0px&#8221; ol_text_shadow_vertical_length_tablet=&#8221;0px&#8221; ol_text_shadow_blur_strength_tablet=&#8221;1px&#8221; quote_text_shadow_horizontal_length_tablet=&#8221;0px&#8221; quote_text_shadow_vertical_length_tablet=&#8221;0px&#8221; quote_text_shadow_blur_strength_tablet=&#8221;1px&#8221; header_text_shadow_horizontal_length_tablet=&#8221;0px&#8221; header_text_shadow_vertical_length_tablet=&#8221;0px&#8221; header_text_shadow_blur_strength_tablet=&#8221;1px&#8221; header_2_text_shadow_horizontal_length_tablet=&#8221;0px&#8221; header_2_text_shadow_vertical_length_tablet=&#8221;0px&#8221; header_2_text_shadow_blur_strength_tablet=&#8221;1px&#8221; header_3_text_shadow_horizontal_length_tablet=&#8221;0px&#8221; header_3_text_shadow_vertical_length_tablet=&#8221;0px&#8221; header_3_text_shadow_blur_strength_tablet=&#8221;1px&#8221; header_4_text_shadow_horizontal_length_tablet=&#8221;0px&#8221; header_4_text_shadow_vertical_length_tablet=&#8221;0px&#8221; header_4_text_shadow_blur_strength_tablet=&#8221;1px&#8221; header_5_text_shadow_horizontal_length_tablet=&#8221;0px&#8221; header_5_text_shadow_vertical_length_tablet=&#8221;0px&#8221; header_5_text_shadow_blur_strength_tablet=&#8221;1px&#8221; header_6_text_shadow_horizontal_length_tablet=&#8221;0px&#8221; header_6_text_shadow_vertical_length_tablet=&#8221;0px&#8221; header_6_text_shadow_blur_strength_tablet=&#8221;1px&#8221; box_shadow_horizontal_tablet=&#8221;0px&#8221; box_shadow_vertical_tablet=&#8221;0px&#8221; box_shadow_blur_tablet=&#8221;40px&#8221; box_shadow_spread_tablet=&#8221;0px&#8221; use_border_color=&#8221;off&#8221;]<\/p>\n<h2><strong>Senhas e biometria no Brasil &#8211; Novembro 2020<\/strong><\/h2>\n<p>[\/et_pb_text][et_pb_text admin_label=&#8221;Texto&#8221; _builder_version=&#8221;4.6.6&#8243; background_size=&#8221;initial&#8221; background_position=&#8221;top_left&#8221; background_repeat=&#8221;repeat&#8221; vertical_offset_tablet=&#8221;0&#8243; horizontal_offset_tablet=&#8221;0&#8243; z_index_tablet=&#8221;0&#8243; text_text_shadow_horizontal_length_tablet=&#8221;0px&#8221; text_text_shadow_vertical_length_tablet=&#8221;0px&#8221; text_text_shadow_blur_strength_tablet=&#8221;1px&#8221; link_text_shadow_horizontal_length_tablet=&#8221;0px&#8221; link_text_shadow_vertical_length_tablet=&#8221;0px&#8221; link_text_shadow_blur_strength_tablet=&#8221;1px&#8221; ul_text_shadow_horizontal_length_tablet=&#8221;0px&#8221; ul_text_shadow_vertical_length_tablet=&#8221;0px&#8221; ul_text_shadow_blur_strength_tablet=&#8221;1px&#8221; ol_text_shadow_horizontal_length_tablet=&#8221;0px&#8221; ol_text_shadow_vertical_length_tablet=&#8221;0px&#8221; ol_text_shadow_blur_strength_tablet=&#8221;1px&#8221; quote_text_shadow_horizontal_length_tablet=&#8221;0px&#8221; quote_text_shadow_vertical_length_tablet=&#8221;0px&#8221; quote_text_shadow_blur_strength_tablet=&#8221;1px&#8221; header_text_shadow_horizontal_length_tablet=&#8221;0px&#8221; header_text_shadow_vertical_length_tablet=&#8221;0px&#8221; header_text_shadow_blur_strength_tablet=&#8221;1px&#8221; header_2_text_shadow_horizontal_length_tablet=&#8221;0px&#8221; header_2_text_shadow_vertical_length_tablet=&#8221;0px&#8221; header_2_text_shadow_blur_strength_tablet=&#8221;1px&#8221; header_3_text_shadow_horizontal_length_tablet=&#8221;0px&#8221; header_3_text_shadow_vertical_length_tablet=&#8221;0px&#8221; header_3_text_shadow_blur_strength_tablet=&#8221;1px&#8221; header_4_text_shadow_horizontal_length_tablet=&#8221;0px&#8221; header_4_text_shadow_vertical_length_tablet=&#8221;0px&#8221; header_4_text_shadow_blur_strength_tablet=&#8221;1px&#8221; header_5_text_shadow_horizontal_length_tablet=&#8221;0px&#8221; header_5_text_shadow_vertical_length_tablet=&#8221;0px&#8221; header_5_text_shadow_blur_strength_tablet=&#8221;1px&#8221; header_6_text_shadow_horizontal_length_tablet=&#8221;0px&#8221; header_6_text_shadow_vertical_length_tablet=&#8221;0px&#8221; header_6_text_shadow_blur_strength_tablet=&#8221;1px&#8221; box_shadow_horizontal_tablet=&#8221;0px&#8221; box_shadow_vertical_tablet=&#8221;0px&#8221; box_shadow_blur_tablet=&#8221;40px&#8221; box_shadow_spread_tablet=&#8221;0px&#8221; use_border_color=&#8221;off&#8221;]<\/p>\n<div>Neste relat\u00f3rio voc\u00ea encontrar\u00e1:<\/div>\n<ul>\n<li>Monitoramento de como os brasileiros gerenciam suas senhas de servi\u00e7os digitais.<\/li>\n<li>Propo\u00e7\u00e3o de internautas brasileiros que j\u00e1 usaram diferentes t\u00e9cnicas de autentica\u00e7\u00e3o biom\u00e9trica (leitura de digital, reconhecimento facial, escaneamento de \u00edris etc).<\/li>\n<li>Percep\u00e7\u00e3o dos brasileiros quanto \u00e0 seguran\u00e7a e \u00e0 conveni\u00eancia de cada diferente t\u00e9cnica de biometria digital.<\/li>\n<li>Grau de confian\u00e7a dos brasileiros quanto \u00e0 gest\u00e3o de seus dados pessoais por diferentes institui\u00e7\u00f5es (bancos, operadoras de telefonia, governo, redes sociais etc).<\/li>\n<li><strong>NOVO:<\/strong> Propor\u00e7\u00e3o de brasileiros que recebem chamadas telef\u00f4nicas de spam de televendas no celular<\/li>\n<\/ul>\n<div><strong>Base: Nesta edi\u00e7\u00e3o foram entrevistados 2.036 brasileiros que acessam a Internet e possuem smartphone.<\/strong><\/div>\n<p>[\/et_pb_text][\/et_pb_column][\/et_pb_row][et_pb_row admin_label=&#8221;Linha&#8221; _builder_version=&#8221;3.25&#8243; background_size=&#8221;initial&#8221; background_position=&#8221;top_left&#8221; background_repeat=&#8221;repeat&#8221; make_fullwidth=&#8221;off&#8221; use_custom_width=&#8221;off&#8221; width_unit=&#8221;off&#8221; custom_width_px=&#8221;1080px&#8221; custom_width_percent=&#8221;80%&#8221;][et_pb_column type=&#8221;4_4&#8243; _builder_version=&#8221;3.0.47&#8243; custom_padding=&#8221;|||&#8221; custom_padding__hover=&#8221;|||&#8221;][et_pb_text admin_label=&#8221;Senhas e biometria no Brasil &#8211; 2020&#8243; _builder_version=&#8221;4.9.4&#8243; background_size=&#8221;initial&#8221; background_position=&#8221;top_left&#8221; background_repeat=&#8221;repeat&#8221; vertical_offset_tablet=&#8221;0&#8243; horizontal_offset_tablet=&#8221;0&#8243; hover_enabled=&#8221;0&#8243; z_index_tablet=&#8221;0&#8243; text_text_shadow_horizontal_length_tablet=&#8221;0px&#8221; text_text_shadow_vertical_length_tablet=&#8221;0px&#8221; text_text_shadow_blur_strength_tablet=&#8221;1px&#8221; link_text_shadow_horizontal_length_tablet=&#8221;0px&#8221; link_text_shadow_vertical_length_tablet=&#8221;0px&#8221; link_text_shadow_blur_strength_tablet=&#8221;1px&#8221; ul_text_shadow_horizontal_length_tablet=&#8221;0px&#8221; ul_text_shadow_vertical_length_tablet=&#8221;0px&#8221; ul_text_shadow_blur_strength_tablet=&#8221;1px&#8221; ol_text_shadow_horizontal_length_tablet=&#8221;0px&#8221; ol_text_shadow_vertical_length_tablet=&#8221;0px&#8221; ol_text_shadow_blur_strength_tablet=&#8221;1px&#8221; quote_text_shadow_horizontal_length_tablet=&#8221;0px&#8221; quote_text_shadow_vertical_length_tablet=&#8221;0px&#8221; quote_text_shadow_blur_strength_tablet=&#8221;1px&#8221; header_text_shadow_horizontal_length_tablet=&#8221;0px&#8221; header_text_shadow_vertical_length_tablet=&#8221;0px&#8221; header_text_shadow_blur_strength_tablet=&#8221;1px&#8221; header_2_text_shadow_horizontal_length_tablet=&#8221;0px&#8221; header_2_text_shadow_vertical_length_tablet=&#8221;0px&#8221; header_2_text_shadow_blur_strength_tablet=&#8221;1px&#8221; header_3_text_shadow_horizontal_length_tablet=&#8221;0px&#8221; header_3_text_shadow_vertical_length_tablet=&#8221;0px&#8221; header_3_text_shadow_blur_strength_tablet=&#8221;1px&#8221; header_4_text_shadow_horizontal_length_tablet=&#8221;0px&#8221; header_4_text_shadow_vertical_length_tablet=&#8221;0px&#8221; header_4_text_shadow_blur_strength_tablet=&#8221;1px&#8221; header_5_text_shadow_horizontal_length_tablet=&#8221;0px&#8221; header_5_text_shadow_vertical_length_tablet=&#8221;0px&#8221; header_5_text_shadow_blur_strength_tablet=&#8221;1px&#8221; header_6_text_shadow_horizontal_length_tablet=&#8221;0px&#8221; header_6_text_shadow_vertical_length_tablet=&#8221;0px&#8221; header_6_text_shadow_blur_strength_tablet=&#8221;1px&#8221; box_shadow_horizontal_tablet=&#8221;0px&#8221; box_shadow_vertical_tablet=&#8221;0px&#8221; box_shadow_blur_tablet=&#8221;40px&#8221; box_shadow_spread_tablet=&#8221;0px&#8221; use_border_color=&#8221;off&#8221; sticky_enabled=&#8221;0&#8243;]<\/p>\n<div class=\"wpcf7 no-js\" id=\"wpcf7-f30719-o1\" lang=\"pt-BR\" dir=\"ltr\" data-wpcf7-id=\"30719\">\n<div class=\"screen-reader-response\">\n<p role=\"status\" aria-live=\"polite\" aria-atomic=\"true\"><\/p> <ul><\/ul>\n<\/div>\n<form action=\"\/pesquisas\/wp-json\/wp\/v2\/pages\/30718#wpcf7-f30719-o1\" method=\"post\" class=\"wpcf7-form init\" aria-label=\"Formul&aacute;rios de contato\" novalidate=\"novalidate\" data-status=\"init\">\n<fieldset class=\"hidden-fields-container\">\n<input type=\"hidden\" name=\"_wpcf7\" value=\"30719\"><input type=\"hidden\" name=\"_wpcf7_version\" value=\"6.1.5\"><input type=\"hidden\" name=\"_wpcf7_locale\" value=\"pt_BR\"><input type=\"hidden\" name=\"_wpcf7_unit_tag\" value=\"wpcf7-f30719-o1\"><input type=\"hidden\" name=\"_wpcf7_container_post\" value=\"0\"><input type=\"hidden\" name=\"_wpcf7_posted_data_hash\" value=\"\"><input type=\"hidden\" name=\"_wpcf7_recaptcha_response\" value=\"\">\n<\/fieldset>\n<p><label>Nome completo <span class=\"wpcf7-form-control-wrap\" data-name=\"your-name\"><input size=\"40\" maxlength=\"400\" class=\"wpcf7-form-control wpcf7-text wpcf7-validates-as-required\" aria-required=\"true\" aria-invalid=\"false\" placeholder=\"Nome completo (obrigat&oacute;rio)\" value=\"\" type=\"text\" name=\"your-name\"><\/span><\/label>\n<\/p>\n<p><label>E-mail <span class=\"wpcf7-form-control-wrap\" data-name=\"your-email\"><input size=\"40\" maxlength=\"400\" class=\"wpcf7-form-control wpcf7-email wpcf7-validates-as-required wpcf7-text wpcf7-validates-as-email\" aria-required=\"true\" aria-invalid=\"false\" placeholder=\"E-mail (obrigat&oacute;rio)\" value=\"\" type=\"email\" name=\"your-email\"><\/span><\/label>\n<\/p>\n<p><label>Empresa\/Institui&ccedil;&atilde;o (obrigat&oacute;rio) <span class=\"wpcf7-form-control-wrap\" data-name=\"your-company\"><input size=\"40\" maxlength=\"400\" class=\"wpcf7-form-control wpcf7-text wpcf7-validates-as-required\" aria-required=\"true\" aria-invalid=\"false\" placeholder=\"Empresa\/Institui&ccedil;&atilde;o (obrigat&oacute;rio)\" value=\"\" type=\"text\" name=\"your-company\"><\/span><\/label>\n<\/p>\n<p><label>Cargo <span class=\"wpcf7-form-control-wrap\" data-name=\"your-role\"><input size=\"40\" maxlength=\"400\" class=\"wpcf7-form-control wpcf7-text wpcf7-validates-as-required\" aria-required=\"true\" aria-invalid=\"false\" placeholder=\"Cargo (obrigat&oacute;rio)\" value=\"\" type=\"text\" name=\"your-role\"><\/span><\/label>\n<\/p>\n<p><span class=\"wpcf7-form-control-wrap\" data-name=\"newsletter-consentimento\"><span class=\"wpcf7-form-control wpcf7-acceptance optional\"><span class=\"wpcf7-list-item\"><input type=\"checkbox\" name=\"newsletter-consentimento\" value=\"1\" class=\"acceptance-mt\" aria-invalid=\"false\"><\/span><\/span><\/span> Aceito ser inclu&iacute;do nos mailings do Mobile Time e da Opinion Box para receber a pesquisa Panorama Mobile Time\/Opinion Box e tamb&eacute;m o newsletter di&aacute;rio e gratuito com not&iacute;cias sobre o mercado de tecnologia m&oacute;vel.\n<\/p>\n<input class=\"wpcf7-form-control wpcf7-hidden\" value=\"Senhas e biometria no Brasil - Novembro 2020\" type=\"hidden\" name=\"pesquisa\">\n<p><input class=\"wpcf7-form-control wpcf7-submit has-spinner\" type=\"submit\" value=\"Enviar\">\n<\/p>\n<label class=\"ebd_input\"><input type=\"hidden\" name=\"ebd_downloads[]\" value=\"30714|Senhas e biometria no Brasil &ndash; Novembro 2020\"> <\/label><input type=\"hidden\" class=\"ebd_setting\" name=\"ebd_settings[]\" value=\"title|Senhas e biometria no Brasil &acirc;&#128;&#147; Novembro 2020\"><input type=\"hidden\" class=\"ebd_setting\" name=\"ebd_settings[]\" value=\"delivered_as|both\"><input type=\"hidden\" class=\"ebd_setting\" name=\"ebd_settings[]\" value=\"hide_form|no\"><input type=\"hidden\" class=\"ebd_setting\" name=\"ebd_settings[]\" value=\"radio|no\"><input type=\"hidden\" class=\"ebd_setting\" name=\"ebd_settings[]\" value=\"expire_time|12 hour\"><input type=\"hidden\" class=\"ebd_setting\" name=\"ebd_settings[]\" value=\"from_email|mobiletime@mobiletime.com.br\"><input type=\"hidden\" class=\"ebd_setting\" name=\"ebd_settings[]\" value=\"from_name|Panorama Mobile Time\/Opinion Box\"><input type=\"hidden\" class=\"ebd_setting\" name=\"ebd_settings[]\" value=\"link_format|_self\"><input type=\"hidden\" class=\"ebd_setting\" name=\"ebd_settings[]\" value=\"file_thumbnail|no\"><input type=\"hidden\" class=\"ebd_setting\" name=\"ebd_settings[]\" value=\"item_id|37\"><input type=\"hidden\" class=\"ebd_setting\" name=\"ebd_settings[]\" value=\"form_id|wpcf7-f30719-o1\"><div class=\"wpcf7-response-output\" aria-hidden=\"true\"><\/div>\n<\/form>\n<\/div>\n\n<p>[\/et_pb_text][\/et_pb_column][\/et_pb_row][\/et_pb_section]<\/p>\n","protected":false},"excerpt":{"rendered":"<p>Senhas e biometria no Brasil &#8211; Novembro 2020 Neste relat\u00f3rio voc\u00ea encontrar\u00e1: Monitoramento de como os brasileiros gerenciam suas senhas de servi\u00e7os digitais. Propo\u00e7\u00e3o de internautas brasileiros que j\u00e1 usaram diferentes t\u00e9cnicas de autentica\u00e7\u00e3o biom\u00e9trica (leitura de digital, reconhecimento facial, escaneamento de \u00edris etc). Percep\u00e7\u00e3o dos brasileiros quanto \u00e0 seguran\u00e7a e \u00e0 conveni\u00eancia de cada [&hellip;]<\/p>\n","protected":false},"author":4,"featured_media":0,"parent":0,"menu_order":0,"comment_status":"closed","ping_status":"closed","template":"page-template-blank.php","meta":{"_et_pb_use_builder":"on","_et_pb_old_content":"","_et_gb_content_width":"","footnotes":""},"class_list":["post-30718","page","type-page","status-publish","hentry"],"yoast_head":"<!-- This site is optimized with the Yoast SEO plugin v27.3 - https:\/\/yoast.com\/product\/yoast-seo-wordpress\/ -->\n<title>Senhas e biometria no Brasil \u2013 Novembro de 2020 - Panorama Mobile Time\/Opinion Box<\/title>\n<meta name=\"robots\" content=\"index, follow, max-snippet:-1, max-image-preview:large, max-video-preview:-1\" \/>\n<link rel=\"canonical\" href=\"https:\/\/www.mobiletime.com.br\/pesquisas\/senhas-e-biometria-no-brasil-novembro-2020\/\" \/>\n<meta property=\"og:locale\" content=\"pt_BR\" \/>\n<meta property=\"og:type\" content=\"article\" \/>\n<meta property=\"og:title\" content=\"Senhas e biometria no Brasil \u2013 Novembro de 2020 - Panorama Mobile Time\/Opinion Box\" \/>\n<meta property=\"og:description\" content=\"Senhas e biometria no Brasil - Novembro 2020 Neste relat\u00f3rio voc\u00ea encontrar\u00e1: Monitoramento de como os brasileiros gerenciam suas senhas de servi\u00e7os digitais. Propo\u00e7\u00e3o de internautas brasileiros que j\u00e1 usaram diferentes t\u00e9cnicas de autentica\u00e7\u00e3o biom\u00e9trica (leitura de digital, reconhecimento facial, escaneamento de \u00edris etc). Percep\u00e7\u00e3o dos brasileiros quanto \u00e0 seguran\u00e7a e \u00e0 conveni\u00eancia de cada [&hellip;]\" \/>\n<meta property=\"og:url\" content=\"https:\/\/www.mobiletime.com.br\/pesquisas\/senhas-e-biometria-no-brasil-novembro-2020\/\" \/>\n<meta property=\"og:site_name\" content=\"Panorama Mobile Time\/Opinion Box\" \/>\n<meta property=\"article:modified_time\" content=\"2021-04-18T19:30:29+00:00\" \/>\n<meta name=\"twitter:card\" content=\"summary_large_image\" \/>\n<meta name=\"twitter:label1\" content=\"Est. tempo de leitura\" \/>\n\t<meta name=\"twitter:data1\" content=\"6 minutos\" \/>\n<script type=\"application\/ld+json\" class=\"yoast-schema-graph\">{\"@context\":\"https:\\\/\\\/schema.org\",\"@graph\":[{\"@type\":\"WebPage\",\"@id\":\"https:\\\/\\\/www.mobiletime.com.br\\\/pesquisas\\\/senhas-e-biometria-no-brasil-novembro-2020\\\/\",\"url\":\"https:\\\/\\\/www.mobiletime.com.br\\\/pesquisas\\\/senhas-e-biometria-no-brasil-novembro-2020\\\/\",\"name\":\"Senhas e biometria no Brasil \u2013 Novembro de 2020 - Panorama Mobile Time\\\/Opinion Box\",\"isPartOf\":{\"@id\":\"https:\\\/\\\/www.mobiletime.com.br\\\/pesquisas\\\/#website\"},\"datePublished\":\"2020-11-26T17:28:09+00:00\",\"dateModified\":\"2021-04-18T19:30:29+00:00\",\"breadcrumb\":{\"@id\":\"https:\\\/\\\/www.mobiletime.com.br\\\/pesquisas\\\/senhas-e-biometria-no-brasil-novembro-2020\\\/#breadcrumb\"},\"inLanguage\":\"pt-BR\",\"potentialAction\":[{\"@type\":\"ReadAction\",\"target\":[\"https:\\\/\\\/www.mobiletime.com.br\\\/pesquisas\\\/senhas-e-biometria-no-brasil-novembro-2020\\\/\"]}]},{\"@type\":\"BreadcrumbList\",\"@id\":\"https:\\\/\\\/www.mobiletime.com.br\\\/pesquisas\\\/senhas-e-biometria-no-brasil-novembro-2020\\\/#breadcrumb\",\"itemListElement\":[{\"@type\":\"ListItem\",\"position\":1,\"name\":\"In\u00edcio\",\"item\":\"https:\\\/\\\/www.mobiletime.com.br\\\/pesquisas\\\/\"},{\"@type\":\"ListItem\",\"position\":2,\"name\":\"Senhas e biometria no Brasil \u2013 Novembro de 2020\"}]},{\"@type\":\"WebSite\",\"@id\":\"https:\\\/\\\/www.mobiletime.com.br\\\/pesquisas\\\/#website\",\"url\":\"https:\\\/\\\/www.mobiletime.com.br\\\/pesquisas\\\/\",\"name\":\"Panorama Mobile Time\\\/Opinion Box\",\"description\":\"Pesquisas independentes sobre conte\u00fado e servi\u00e7os m\u00f3veis\",\"potentialAction\":[{\"@type\":\"SearchAction\",\"target\":{\"@type\":\"EntryPoint\",\"urlTemplate\":\"https:\\\/\\\/www.mobiletime.com.br\\\/pesquisas\\\/?s={search_term_string}\"},\"query-input\":{\"@type\":\"PropertyValueSpecification\",\"valueRequired\":true,\"valueName\":\"search_term_string\"}}],\"inLanguage\":\"pt-BR\"}]}<\/script>\n<!-- \/ Yoast SEO plugin. -->","yoast_head_json":{"title":"Senhas e biometria no Brasil \u2013 Novembro de 2020 - Panorama Mobile Time\/Opinion Box","robots":{"index":"index","follow":"follow","max-snippet":"max-snippet:-1","max-image-preview":"max-image-preview:large","max-video-preview":"max-video-preview:-1"},"canonical":"https:\/\/www.mobiletime.com.br\/pesquisas\/senhas-e-biometria-no-brasil-novembro-2020\/","og_locale":"pt_BR","og_type":"article","og_title":"Senhas e biometria no Brasil \u2013 Novembro de 2020 - Panorama Mobile Time\/Opinion Box","og_description":"Senhas e biometria no Brasil - Novembro 2020 Neste relat\u00f3rio voc\u00ea encontrar\u00e1: Monitoramento de como os brasileiros gerenciam suas senhas de servi\u00e7os digitais. Propo\u00e7\u00e3o de internautas brasileiros que j\u00e1 usaram diferentes t\u00e9cnicas de autentica\u00e7\u00e3o biom\u00e9trica (leitura de digital, reconhecimento facial, escaneamento de \u00edris etc). Percep\u00e7\u00e3o dos brasileiros quanto \u00e0 seguran\u00e7a e \u00e0 conveni\u00eancia de cada [&hellip;]","og_url":"https:\/\/www.mobiletime.com.br\/pesquisas\/senhas-e-biometria-no-brasil-novembro-2020\/","og_site_name":"Panorama Mobile Time\/Opinion Box","article_modified_time":"2021-04-18T19:30:29+00:00","twitter_card":"summary_large_image","twitter_misc":{"Est. tempo de leitura":"6 minutos"},"schema":{"@context":"https:\/\/schema.org","@graph":[{"@type":"WebPage","@id":"https:\/\/www.mobiletime.com.br\/pesquisas\/senhas-e-biometria-no-brasil-novembro-2020\/","url":"https:\/\/www.mobiletime.com.br\/pesquisas\/senhas-e-biometria-no-brasil-novembro-2020\/","name":"Senhas e biometria no Brasil \u2013 Novembro de 2020 - Panorama Mobile Time\/Opinion Box","isPartOf":{"@id":"https:\/\/www.mobiletime.com.br\/pesquisas\/#website"},"datePublished":"2020-11-26T17:28:09+00:00","dateModified":"2021-04-18T19:30:29+00:00","breadcrumb":{"@id":"https:\/\/www.mobiletime.com.br\/pesquisas\/senhas-e-biometria-no-brasil-novembro-2020\/#breadcrumb"},"inLanguage":"pt-BR","potentialAction":[{"@type":"ReadAction","target":["https:\/\/www.mobiletime.com.br\/pesquisas\/senhas-e-biometria-no-brasil-novembro-2020\/"]}]},{"@type":"BreadcrumbList","@id":"https:\/\/www.mobiletime.com.br\/pesquisas\/senhas-e-biometria-no-brasil-novembro-2020\/#breadcrumb","itemListElement":[{"@type":"ListItem","position":1,"name":"In\u00edcio","item":"https:\/\/www.mobiletime.com.br\/pesquisas\/"},{"@type":"ListItem","position":2,"name":"Senhas e biometria no Brasil \u2013 Novembro de 2020"}]},{"@type":"WebSite","@id":"https:\/\/www.mobiletime.com.br\/pesquisas\/#website","url":"https:\/\/www.mobiletime.com.br\/pesquisas\/","name":"Panorama Mobile Time\/Opinion Box","description":"Pesquisas independentes sobre conte\u00fado e servi\u00e7os m\u00f3veis","potentialAction":[{"@type":"SearchAction","target":{"@type":"EntryPoint","urlTemplate":"https:\/\/www.mobiletime.com.br\/pesquisas\/?s={search_term_string}"},"query-input":{"@type":"PropertyValueSpecification","valueRequired":true,"valueName":"search_term_string"}}],"inLanguage":"pt-BR"}]}},"_links":{"self":[{"href":"https:\/\/www.mobiletime.com.br\/pesquisas\/wp-json\/wp\/v2\/pages\/30718","targetHints":{"allow":["GET"]}}],"collection":[{"href":"https:\/\/www.mobiletime.com.br\/pesquisas\/wp-json\/wp\/v2\/pages"}],"about":[{"href":"https:\/\/www.mobiletime.com.br\/pesquisas\/wp-json\/wp\/v2\/types\/page"}],"author":[{"embeddable":true,"href":"https:\/\/www.mobiletime.com.br\/pesquisas\/wp-json\/wp\/v2\/users\/4"}],"replies":[{"embeddable":true,"href":"https:\/\/www.mobiletime.com.br\/pesquisas\/wp-json\/wp\/v2\/comments?post=30718"}],"version-history":[{"count":11,"href":"https:\/\/www.mobiletime.com.br\/pesquisas\/wp-json\/wp\/v2\/pages\/30718\/revisions"}],"predecessor-version":[{"id":34133,"href":"https:\/\/www.mobiletime.com.br\/pesquisas\/wp-json\/wp\/v2\/pages\/30718\/revisions\/34133"}],"wp:attachment":[{"href":"https:\/\/www.mobiletime.com.br\/pesquisas\/wp-json\/wp\/v2\/media?parent=30718"}],"curies":[{"name":"wp","href":"https:\/\/api.w.org\/{rel}","templated":true}]}}