{"id":7611,"date":"2018-08-08T19:16:54","date_gmt":"2018-08-08T22:16:54","guid":{"rendered":"https:\/\/www.mobiletime.com.br\/pesquisas\/?page_id=7611"},"modified":"2021-04-18T03:46:04","modified_gmt":"2021-04-18T06:46:04","slug":"mapa-do-ecossistema-brasileiro-de-bots-2018","status":"publish","type":"page","link":"https:\/\/www.mobiletime.com.br\/pesquisas\/mapa-do-ecossistema-brasileiro-de-bots-2018\/","title":{"rendered":"Mapa do Ecossistema Brasileiro de Bots &#8211; Agosto de 2018"},"content":{"rendered":"<p>[et_pb_section bb_built=&#8221;1&#8243; background_color=&#8221;#ffd900&#8243; parallax_method=&#8221;off&#8221; specialty=&#8221;off&#8221; disabled=&#8221;off&#8221; _builder_version=&#8221;3.1.1&#8243; global_module=&#8221;7625&#8243;][et_pb_row global_parent=&#8221;7625&#8243; make_fullwidth=&#8221;off&#8221; use_custom_width=&#8221;off&#8221; width_unit=&#8221;off&#8221; custom_width_px=&#8221;1080px&#8221; custom_width_percent=&#8221;80%&#8221; use_custom_gutter=&#8221;off&#8221; gutter_width=&#8221;3&#8243; allow_player_pause=&#8221;off&#8221; parallax=&#8221;off&#8221; parallax_method=&#8221;on&#8221; make_equal=&#8221;off&#8221; parallax_1=&#8221;off&#8221; parallax_method_1=&#8221;on&#8221; parallax_2=&#8221;off&#8221; parallax_method_2=&#8221;on&#8221; parallax_3=&#8221;off&#8221; parallax_method_3=&#8221;on&#8221; parallax_4=&#8221;off&#8221; parallax_method_4=&#8221;on&#8221; disabled=&#8221;off&#8221; background_position=&#8221;top_left&#8221; background_repeat=&#8221;repeat&#8221; background_size=&#8221;initial&#8221; _builder_version=&#8221;3.0.105&#8243;][et_pb_column type=&#8221;1_2&#8243;][et_pb_image global_parent=&#8221;7625&#8243; src=&#8221;https:\/\/www.mobiletime.com.br\/pesquisas\/wp-content\/uploads\/2018\/08\/Panorama_MapaBOTS_Ago2018.jpg&#8221; align=&#8221;center&#8221; use_border_color=&#8221;off&#8221; disabled=&#8221;off&#8221; _builder_version=&#8221;3.1.1&#8243; \/][\/et_pb_column][et_pb_column type=&#8221;1_2&#8243;][et_pb_text global_parent=&#8221;7625&#8243; use_border_color=&#8221;off&#8221; disabled=&#8221;off&#8221; background_position=&#8221;top_left&#8221; background_repeat=&#8221;repeat&#8221; background_size=&#8221;initial&#8221; _builder_version=&#8221;3.1.1&#8243;]<\/p>\n<h2><strong>Mapa do Ecossistema Brasileiro de Bots &#8211; 2018<\/strong><\/h2>\n<p>[\/et_pb_text][et_pb_text global_parent=&#8221;7625&#8243; use_border_color=&#8221;off&#8221; disabled=&#8221;off&#8221; background_position=&#8221;top_left&#8221; background_repeat=&#8221;repeat&#8221; background_size=&#8221;initial&#8221; _builder_version=&#8221;3.1.1&#8243;]<\/p>\n<p class='p1'><span class='s1'>Neste relat\u00f3rio voc\u00ea encontrar\u00e1:<\/span><\/p>\n<ul>\n<li class='li1'>Mapeamento dos desenvolvedores de chatbots em atua\u00e7\u00e3o no Brasil segmentados por quantidade de bots produzidos at\u00e9 o momento e por localiza\u00e7\u00e3o (estado da federa\u00e7\u00e3o onde se encontra seu escrit\u00f3rio principal)<\/li>\n<li>Quantidade de bots desenvolvidos em portugu\u00eas por essas empresas<\/li>\n<li>Volume de mensagens trafegadas por m\u00eas pelos bots desses desenvolvedores<\/li>\n<li>Monitoramento dos canais mais populares onde os bots s\u00e3o lan\u00e7ados<\/li>\n<li>Monitoramento dos modelos de neg\u00f3cios mais comuns no mercado de bots brasileiro<\/li>\n<li>Guia com os contatos comerciais dos desenvolvedores de bots que atuam no Brasil<\/li>\n<\/ul>\n<p><strong>Base: 66 empresas que produzem bots para o mercado brasileiro<\/strong><\/p>\n<p>[\/et_pb_text][\/et_pb_column][\/et_pb_row][et_pb_row global_parent=&#8221;7625&#8243; make_fullwidth=&#8221;off&#8221; use_custom_width=&#8221;off&#8221; width_unit=&#8221;off&#8221; custom_width_px=&#8221;1080px&#8221; custom_width_percent=&#8221;80%&#8221; use_custom_gutter=&#8221;off&#8221; gutter_width=&#8221;3&#8243; allow_player_pause=&#8221;off&#8221; parallax=&#8221;off&#8221; parallax_method=&#8221;on&#8221; make_equal=&#8221;off&#8221; parallax_1=&#8221;off&#8221; parallax_method_1=&#8221;on&#8221; parallax_2=&#8221;off&#8221; parallax_method_2=&#8221;on&#8221; parallax_3=&#8221;off&#8221; parallax_method_3=&#8221;on&#8221; parallax_4=&#8221;off&#8221; parallax_method_4=&#8221;on&#8221; disabled=&#8221;off&#8221; background_position=&#8221;top_left&#8221; background_repeat=&#8221;repeat&#8221; background_size=&#8221;initial&#8221;][et_pb_column type=&#8221;4_4&#8243;][et_pb_text admin_label=&#8221;Formul\u00e1rio &#8211; Mapa do Ecossistema Brasileiro de Bots \u2013 2018&#8243; global_parent=&#8221;7625&#8243; use_border_color=&#8221;off&#8221; disabled=&#8221;off&#8221; background_position=&#8221;top_left&#8221; background_repeat=&#8221;repeat&#8221; background_size=&#8221;initial&#8221; _builder_version=&#8221;3.1.1&#8243;] <div class=\"wpcf7 no-js\" id=\"wpcf7-f7610-o1\" lang=\"pt-BR\" dir=\"ltr\" data-wpcf7-id=\"7610\">\n<div class=\"screen-reader-response\">\n<p role=\"status\" aria-live=\"polite\" aria-atomic=\"true\"><\/p> <ul><\/ul>\n<\/div>\n<form action=\"\/pesquisas\/wp-json\/wp\/v2\/pages\/7611#wpcf7-f7610-o1\" method=\"post\" class=\"wpcf7-form init\" aria-label=\"Formul&aacute;rios de contato\" novalidate=\"novalidate\" data-status=\"init\">\n<fieldset class=\"hidden-fields-container\">\n<input type=\"hidden\" name=\"_wpcf7\" value=\"7610\"><input type=\"hidden\" name=\"_wpcf7_version\" value=\"6.1.5\"><input type=\"hidden\" name=\"_wpcf7_locale\" value=\"pt_BR\"><input type=\"hidden\" name=\"_wpcf7_unit_tag\" value=\"wpcf7-f7610-o1\"><input type=\"hidden\" name=\"_wpcf7_container_post\" value=\"0\"><input type=\"hidden\" name=\"_wpcf7_posted_data_hash\" value=\"\"><input type=\"hidden\" name=\"_wpcf7_recaptcha_response\" value=\"\">\n<\/fieldset>\n<p><label>Nome completo <span class=\"wpcf7-form-control-wrap\" data-name=\"your-name\"><input size=\"40\" maxlength=\"400\" class=\"wpcf7-form-control wpcf7-text wpcf7-validates-as-required\" aria-required=\"true\" aria-invalid=\"false\" placeholder=\"Nome completo (obrigat&oacute;rio)\" value=\"\" type=\"text\" name=\"your-name\"><\/span><\/label>\n<\/p>\n<p><label>E-mail <span class=\"wpcf7-form-control-wrap\" data-name=\"your-email\"><input size=\"40\" maxlength=\"400\" class=\"wpcf7-form-control wpcf7-email wpcf7-validates-as-required wpcf7-text wpcf7-validates-as-email\" aria-required=\"true\" aria-invalid=\"false\" placeholder=\"E-mail (obrigat&oacute;rio)\" value=\"\" type=\"email\" name=\"your-email\"><\/span><\/label>\n<\/p>\n<p><label>Empresa\/Institui&ccedil;&atilde;o (obrigat&oacute;rio) <span class=\"wpcf7-form-control-wrap\" data-name=\"your-company\"><input size=\"40\" maxlength=\"400\" class=\"wpcf7-form-control wpcf7-text wpcf7-validates-as-required\" aria-required=\"true\" aria-invalid=\"false\" placeholder=\"Empresa\/Institui&ccedil;&atilde;o (obrigat&oacute;rio)\" value=\"\" type=\"text\" name=\"your-company\"><\/span><\/label>\n<\/p>\n<p><label>Cargo <span class=\"wpcf7-form-control-wrap\" data-name=\"your-role\"><input size=\"40\" maxlength=\"400\" class=\"wpcf7-form-control wpcf7-text wpcf7-validates-as-required\" aria-required=\"true\" aria-invalid=\"false\" placeholder=\"Cargo (obrigat&oacute;rio)\" value=\"\" type=\"text\" name=\"your-role\"><\/span><\/label>\n<\/p>\n<p><span class=\"wpcf7-form-control-wrap\" data-name=\"newsletter-consentimento\"><span class=\"wpcf7-form-control wpcf7-acceptance optional\"><span class=\"wpcf7-list-item\"><input type=\"checkbox\" name=\"newsletter-consentimento\" value=\"1\" class=\"acceptance-mt\" aria-invalid=\"false\"><\/span><\/span><\/span> Aceito ser inclu&iacute;do nos mailings do Mobile Time e da Opinion Box para receber a pesquisa Panorama Mobile Time\/Opinion Box e tamb&eacute;m o newsletter di&aacute;rio e gratuito com not&iacute;cias sobre o mercado de tecnologia m&oacute;vel.\n<\/p>\n<input class=\"wpcf7-form-control wpcf7-hidden\" value=\"Mapa do Ecossistema Brasileiro de Bots &ndash; 2018\" type=\"hidden\" name=\"pesquisa\">\n<p><input class=\"wpcf7-form-control wpcf7-submit has-spinner\" type=\"submit\" value=\"Enviar\">\n<\/p>\n<label class=\"ebd_input\"><input type=\"hidden\" name=\"ebd_downloads[]\" value=\"7607|Mapa do Ecossistema Brasileiro de Bots - Agosto de 2018\"> <\/label><input type=\"hidden\" class=\"ebd_setting\" name=\"ebd_settings[]\" value=\"title|Mapa do Ecossistema Brasileiro de Bots - Agosto de 2018\"><input type=\"hidden\" class=\"ebd_setting\" name=\"ebd_settings[]\" value=\"delivered_as|both\"><input type=\"hidden\" class=\"ebd_setting\" name=\"ebd_settings[]\" value=\"hide_form|no\"><input type=\"hidden\" class=\"ebd_setting\" name=\"ebd_settings[]\" value=\"radio|no\"><input type=\"hidden\" class=\"ebd_setting\" name=\"ebd_settings[]\" value=\"expire_time|12 hour\"><input type=\"hidden\" class=\"ebd_setting\" name=\"ebd_settings[]\" value=\"from_email|mobiletime@mobiletime.com.br\"><input type=\"hidden\" class=\"ebd_setting\" name=\"ebd_settings[]\" value=\"from_name|Panorama Mobile Time\/Opinion Box\"><input type=\"hidden\" class=\"ebd_setting\" name=\"ebd_settings[]\" value=\"link_format|_self\"><input type=\"hidden\" class=\"ebd_setting\" name=\"ebd_settings[]\" value=\"file_thumbnail|no\"><input type=\"hidden\" class=\"ebd_setting\" name=\"ebd_settings[]\" value=\"item_id|11\"><input type=\"hidden\" class=\"ebd_setting\" name=\"ebd_settings[]\" value=\"form_id|wpcf7-f7610-o1\"><div class=\"wpcf7-response-output\" aria-hidden=\"true\"><\/div>\n<\/form>\n<\/div>\n [\/et_pb_text][\/et_pb_column][\/et_pb_row][\/et_pb_section]<\/p>\n","protected":false},"excerpt":{"rendered":"<p>Mapa do Ecossistema Brasileiro de Bots &#8211; 2018 Neste relat\u00f3rio voc\u00ea encontrar\u00e1: Mapeamento dos desenvolvedores de chatbots em atua\u00e7\u00e3o no Brasil segmentados por quantidade de bots produzidos at\u00e9 o momento e por localiza\u00e7\u00e3o (estado da federa\u00e7\u00e3o onde se encontra seu escrit\u00f3rio principal) Quantidade de bots desenvolvidos em portugu\u00eas por essas empresas Volume de mensagens trafegadas [&hellip;]<\/p>\n","protected":false},"author":2,"featured_media":0,"parent":0,"menu_order":0,"comment_status":"closed","ping_status":"closed","template":"page-template-blank.php","meta":{"_et_pb_use_builder":"on","_et_pb_old_content":"","_et_gb_content_width":"","footnotes":""},"class_list":["post-7611","page","type-page","status-publish","hentry"],"yoast_head":"<!-- This site is optimized with the Yoast SEO plugin v27.3 - https:\/\/yoast.com\/product\/yoast-seo-wordpress\/ -->\n<title>Mapa do Ecossistema Brasileiro de Bots - Agosto de 2018 - Panorama Mobile Time\/Opinion Box<\/title>\n<meta name=\"robots\" content=\"index, follow, max-snippet:-1, max-image-preview:large, max-video-preview:-1\" \/>\n<link rel=\"canonical\" href=\"https:\/\/www.mobiletime.com.br\/pesquisas\/mapa-do-ecossistema-brasileiro-de-bots-2018\/\" \/>\n<meta property=\"og:locale\" content=\"pt_BR\" \/>\n<meta property=\"og:type\" content=\"article\" \/>\n<meta property=\"og:title\" content=\"Mapa do Ecossistema Brasileiro de Bots - Agosto de 2018 - Panorama Mobile Time\/Opinion Box\" \/>\n<meta property=\"og:description\" content=\"Mapa do Ecossistema Brasileiro de Bots - 2018 Neste relat\u00f3rio voc\u00ea encontrar\u00e1: Mapeamento dos desenvolvedores de chatbots em atua\u00e7\u00e3o no Brasil segmentados por quantidade de bots produzidos at\u00e9 o momento e por localiza\u00e7\u00e3o (estado da federa\u00e7\u00e3o onde se encontra seu escrit\u00f3rio principal) Quantidade de bots desenvolvidos em portugu\u00eas por essas empresas Volume de mensagens trafegadas [&hellip;]\" \/>\n<meta property=\"og:url\" content=\"https:\/\/www.mobiletime.com.br\/pesquisas\/mapa-do-ecossistema-brasileiro-de-bots-2018\/\" \/>\n<meta property=\"og:site_name\" content=\"Panorama Mobile Time\/Opinion Box\" \/>\n<meta property=\"article:modified_time\" content=\"2021-04-18T06:46:04+00:00\" \/>\n<meta name=\"twitter:card\" content=\"summary_large_image\" \/>\n<meta name=\"twitter:label1\" content=\"Est. tempo de leitura\" \/>\n\t<meta name=\"twitter:data1\" content=\"2 minutos\" \/>\n<script type=\"application\/ld+json\" class=\"yoast-schema-graph\">{\"@context\":\"https:\\\/\\\/schema.org\",\"@graph\":[{\"@type\":\"WebPage\",\"@id\":\"https:\\\/\\\/www.mobiletime.com.br\\\/pesquisas\\\/mapa-do-ecossistema-brasileiro-de-bots-2018\\\/\",\"url\":\"https:\\\/\\\/www.mobiletime.com.br\\\/pesquisas\\\/mapa-do-ecossistema-brasileiro-de-bots-2018\\\/\",\"name\":\"Mapa do Ecossistema Brasileiro de Bots - Agosto de 2018 - Panorama Mobile Time\\\/Opinion Box\",\"isPartOf\":{\"@id\":\"https:\\\/\\\/www.mobiletime.com.br\\\/pesquisas\\\/#website\"},\"datePublished\":\"2018-08-08T22:16:54+00:00\",\"dateModified\":\"2021-04-18T06:46:04+00:00\",\"breadcrumb\":{\"@id\":\"https:\\\/\\\/www.mobiletime.com.br\\\/pesquisas\\\/mapa-do-ecossistema-brasileiro-de-bots-2018\\\/#breadcrumb\"},\"inLanguage\":\"pt-BR\",\"potentialAction\":[{\"@type\":\"ReadAction\",\"target\":[\"https:\\\/\\\/www.mobiletime.com.br\\\/pesquisas\\\/mapa-do-ecossistema-brasileiro-de-bots-2018\\\/\"]}]},{\"@type\":\"BreadcrumbList\",\"@id\":\"https:\\\/\\\/www.mobiletime.com.br\\\/pesquisas\\\/mapa-do-ecossistema-brasileiro-de-bots-2018\\\/#breadcrumb\",\"itemListElement\":[{\"@type\":\"ListItem\",\"position\":1,\"name\":\"In\u00edcio\",\"item\":\"https:\\\/\\\/www.mobiletime.com.br\\\/pesquisas\\\/\"},{\"@type\":\"ListItem\",\"position\":2,\"name\":\"Mapa do Ecossistema Brasileiro de Bots &#8211; Agosto de 2018\"}]},{\"@type\":\"WebSite\",\"@id\":\"https:\\\/\\\/www.mobiletime.com.br\\\/pesquisas\\\/#website\",\"url\":\"https:\\\/\\\/www.mobiletime.com.br\\\/pesquisas\\\/\",\"name\":\"Panorama Mobile Time\\\/Opinion Box\",\"description\":\"Pesquisas independentes sobre conte\u00fado e servi\u00e7os m\u00f3veis\",\"potentialAction\":[{\"@type\":\"SearchAction\",\"target\":{\"@type\":\"EntryPoint\",\"urlTemplate\":\"https:\\\/\\\/www.mobiletime.com.br\\\/pesquisas\\\/?s={search_term_string}\"},\"query-input\":{\"@type\":\"PropertyValueSpecification\",\"valueRequired\":true,\"valueName\":\"search_term_string\"}}],\"inLanguage\":\"pt-BR\"}]}<\/script>\n<!-- \/ Yoast SEO plugin. -->","yoast_head_json":{"title":"Mapa do Ecossistema Brasileiro de Bots - Agosto de 2018 - Panorama Mobile Time\/Opinion Box","robots":{"index":"index","follow":"follow","max-snippet":"max-snippet:-1","max-image-preview":"max-image-preview:large","max-video-preview":"max-video-preview:-1"},"canonical":"https:\/\/www.mobiletime.com.br\/pesquisas\/mapa-do-ecossistema-brasileiro-de-bots-2018\/","og_locale":"pt_BR","og_type":"article","og_title":"Mapa do Ecossistema Brasileiro de Bots - Agosto de 2018 - Panorama Mobile Time\/Opinion Box","og_description":"Mapa do Ecossistema Brasileiro de Bots - 2018 Neste relat\u00f3rio voc\u00ea encontrar\u00e1: Mapeamento dos desenvolvedores de chatbots em atua\u00e7\u00e3o no Brasil segmentados por quantidade de bots produzidos at\u00e9 o momento e por localiza\u00e7\u00e3o (estado da federa\u00e7\u00e3o onde se encontra seu escrit\u00f3rio principal) Quantidade de bots desenvolvidos em portugu\u00eas por essas empresas Volume de mensagens trafegadas [&hellip;]","og_url":"https:\/\/www.mobiletime.com.br\/pesquisas\/mapa-do-ecossistema-brasileiro-de-bots-2018\/","og_site_name":"Panorama Mobile Time\/Opinion Box","article_modified_time":"2021-04-18T06:46:04+00:00","twitter_card":"summary_large_image","twitter_misc":{"Est. tempo de leitura":"2 minutos"},"schema":{"@context":"https:\/\/schema.org","@graph":[{"@type":"WebPage","@id":"https:\/\/www.mobiletime.com.br\/pesquisas\/mapa-do-ecossistema-brasileiro-de-bots-2018\/","url":"https:\/\/www.mobiletime.com.br\/pesquisas\/mapa-do-ecossistema-brasileiro-de-bots-2018\/","name":"Mapa do Ecossistema Brasileiro de Bots - Agosto de 2018 - Panorama Mobile Time\/Opinion Box","isPartOf":{"@id":"https:\/\/www.mobiletime.com.br\/pesquisas\/#website"},"datePublished":"2018-08-08T22:16:54+00:00","dateModified":"2021-04-18T06:46:04+00:00","breadcrumb":{"@id":"https:\/\/www.mobiletime.com.br\/pesquisas\/mapa-do-ecossistema-brasileiro-de-bots-2018\/#breadcrumb"},"inLanguage":"pt-BR","potentialAction":[{"@type":"ReadAction","target":["https:\/\/www.mobiletime.com.br\/pesquisas\/mapa-do-ecossistema-brasileiro-de-bots-2018\/"]}]},{"@type":"BreadcrumbList","@id":"https:\/\/www.mobiletime.com.br\/pesquisas\/mapa-do-ecossistema-brasileiro-de-bots-2018\/#breadcrumb","itemListElement":[{"@type":"ListItem","position":1,"name":"In\u00edcio","item":"https:\/\/www.mobiletime.com.br\/pesquisas\/"},{"@type":"ListItem","position":2,"name":"Mapa do Ecossistema Brasileiro de Bots &#8211; Agosto de 2018"}]},{"@type":"WebSite","@id":"https:\/\/www.mobiletime.com.br\/pesquisas\/#website","url":"https:\/\/www.mobiletime.com.br\/pesquisas\/","name":"Panorama Mobile Time\/Opinion Box","description":"Pesquisas independentes sobre conte\u00fado e servi\u00e7os m\u00f3veis","potentialAction":[{"@type":"SearchAction","target":{"@type":"EntryPoint","urlTemplate":"https:\/\/www.mobiletime.com.br\/pesquisas\/?s={search_term_string}"},"query-input":{"@type":"PropertyValueSpecification","valueRequired":true,"valueName":"search_term_string"}}],"inLanguage":"pt-BR"}]}},"_links":{"self":[{"href":"https:\/\/www.mobiletime.com.br\/pesquisas\/wp-json\/wp\/v2\/pages\/7611","targetHints":{"allow":["GET"]}}],"collection":[{"href":"https:\/\/www.mobiletime.com.br\/pesquisas\/wp-json\/wp\/v2\/pages"}],"about":[{"href":"https:\/\/www.mobiletime.com.br\/pesquisas\/wp-json\/wp\/v2\/types\/page"}],"author":[{"embeddable":true,"href":"https:\/\/www.mobiletime.com.br\/pesquisas\/wp-json\/wp\/v2\/users\/2"}],"replies":[{"embeddable":true,"href":"https:\/\/www.mobiletime.com.br\/pesquisas\/wp-json\/wp\/v2\/comments?post=7611"}],"version-history":[{"count":10,"href":"https:\/\/www.mobiletime.com.br\/pesquisas\/wp-json\/wp\/v2\/pages\/7611\/revisions"}],"predecessor-version":[{"id":34044,"href":"https:\/\/www.mobiletime.com.br\/pesquisas\/wp-json\/wp\/v2\/pages\/7611\/revisions\/34044"}],"wp:attachment":[{"href":"https:\/\/www.mobiletime.com.br\/pesquisas\/wp-json\/wp\/v2\/media?parent=7611"}],"curies":[{"name":"wp","href":"https:\/\/api.w.org\/{rel}","templated":true}]}}